{"id":101665,"date":"2024-02-29T16:27:52","date_gmt":"2024-02-29T16:27:52","guid":{"rendered":"https:\/\/founderspassion.ch\/?page_id=101665"},"modified":"2024-09-19T13:54:30","modified_gmt":"2024-09-19T13:54:30","slug":"spenden","status":"publish","type":"page","link":"https:\/\/founderspassion.ch\/de\/spenden\/","title":{"rendered":"Spenden"},"content":{"rendered":"<p>[et_pb_section fb_built=&#8220;1&#8243; _builder_version=&#8220;4.18.0&#8243; _module_preset=&#8220;default&#8220; background_enable_color=&#8220;off&#8220; global_colors_info=&#8220;{%22gcid-76e3f074-fea1-4846-b451-b052fd0eb96d%22:%91%22background_color%22%93}&#8220;][et_pb_row column_structure=&#8220;3_5,2_5&#8243; make_equal=&#8220;on&#8220; module_class=&#8220;milly-centered-content milly-keep-tablet-col&#8220; _builder_version=&#8220;4.24.2&#8243; _module_preset=&#8220;default&#8220; locked=&#8220;off&#8220; global_colors_info=&#8220;{}&#8220;][et_pb_column type=&#8220;3_5&#8243; _builder_version=&#8220;4.24.2&#8243; _module_preset=&#8220;default&#8220; global_colors_info=&#8220;{}&#8220;][et_pb_text admin_label=&#8220;Danke&#8220; _builder_version=&#8220;4.24.2&#8243; _module_preset=&#8220;default&#8220; max_width=&#8220;90%&#8220; max_width_tablet=&#8220;90%&#8220; max_width_phone=&#8220;100%&#8220; max_width_last_edited=&#8220;on|phone&#8220; custom_margin=&#8220;0px||20px||false|false&#8220; custom_margin_tablet=&#8220;20px||||false|false&#8220; custom_margin_phone=&#8220;20px||||false|false&#8220; custom_margin_last_edited=&#8220;on|phone&#8220; global_colors_info=&#8220;{%22gcid-8c4df213-420b-4fa0-a471-54276bb0f0b2%22:%91%22text_text_color%22%93}&#8220;]<\/p>\n<h5>Spenden<\/h5>\n<h1>Danke, dass du uns freisetzt!<\/h1>\n<p>Als Founders Passion sind wir ein gemeinn\u00fctziger und rechtsg\u00fcltiger Verein in der Schweiz. Da wir uns jedoch prim\u00e4r im kirchlichen Umfeld bewegen, bekommen wir keine Steuerabzugsberechtigung.<\/p>\n<p>Wir danken dir herzlich, wenn du unsere Vision mittr\u00e4gst und uns finanziell freisetzt!<\/p>\n<p>[\/et_pb_text][\/et_pb_column][et_pb_column type=&#8220;2_5&#8243; module_class=&#8220;milly-parallax&#8220; _builder_version=&#8220;4.24.2&#8243; _module_preset=&#8220;default&#8220; global_colors_info=&#8220;{}&#8220;][et_pb_divider show_divider=&#8220;off&#8220; _builder_version=&#8220;4.17.6&#8243; _module_preset=&#8220;cba05e97-8242-498e-8147-b764d3362b3e&#8220; positioning=&#8220;absolute&#8220; position_origin_a=&#8220;top_left&#8220; vertical_offset=&#8220;-20px&#8220; horizontal_offset=&#8220;40px&#8220; vertical_offset_tablet=&#8220;-10px&#8220; vertical_offset_phone=&#8220;-10px&#8220; vertical_offset_last_edited=&#8220;on|desktop&#8220; horizontal_offset_tablet=&#8220;40px&#8220; horizontal_offset_phone=&#8220;40px&#8220; horizontal_offset_last_edited=&#8220;on|tablet&#8220; position_origin_a_last_edited=&#8220;off|desktop&#8220; position_origin_f_last_edited=&#8220;off|desktop&#8220; position_origin_r_last_edited=&#8220;off|desktop&#8220; width=&#8220;50%&#8220; width_tablet=&#8220;50%&#8220; width_phone=&#8220;100px&#8220; min_height=&#8220;70%&#8220; positioning_last_edited=&#8220;off|desktop&#8220; global_colors_info=&#8220;{}&#8220;][\/et_pb_divider][et_pb_divider show_divider=&#8220;off&#8220; _builder_version=&#8220;4.17.6&#8243; _module_preset=&#8220;8cb09d99-41e2-479b-8505-26639197cc90&#8243; positioning=&#8220;absolute&#8220; position_origin_a=&#8220;top_left&#8220; vertical_offset=&#8220;10px&#8220; horizontal_offset=&#8220;20px&#8220; position_origin_a_last_edited=&#8220;off|desktop&#8220; position_origin_f_last_edited=&#8220;off|desktop&#8220; position_origin_r_last_edited=&#8220;off|desktop&#8220; width=&#8220;60%&#8220; width_tablet=&#8220;60%&#8220; width_phone=&#8220;110px&#8220; min_height=&#8220;50%&#8220; positioning_last_edited=&#8220;off|desktop&#8220; global_colors_info=&#8220;{}&#8220;][\/et_pb_divider][et_pb_image src=&#8220;https:\/\/founderspassion.ch\/wp-content\/uploads\/2024\/03\/Spendengold.jpg&#8220; title_text=&#8220;Spendengold&#8220; module_class=&#8220;milly-shadow&#8220; _builder_version=&#8220;4.24.2&#8243; _module_preset=&#8220;default&#8220; max_width=&#8220;70%&#8220; max_width_tablet=&#8220;70%&#8220; max_width_phone=&#8220;140px&#8220; max_width_last_edited=&#8220;on|phone&#8220; module_alignment=&#8220;center&#8220; custom_margin_tablet=&#8220;&#8220; custom_margin_phone=&#8220;||||false|false&#8220; custom_margin_last_edited=&#8220;on|phone&#8220; custom_padding=&#8220;|||40px|false|false&#8220; module_alignment_tablet=&#8220;center&#8220; module_alignment_phone=&#8220;left&#8220; module_alignment_last_edited=&#8220;on|desktop&#8220; border_radii=&#8220;on|4px|4px|4px|4px&#8220; global_colors_info=&#8220;{}&#8220;][\/et_pb_image][\/et_pb_column][\/et_pb_row][\/et_pb_section][et_pb_section fb_built=&#8220;1&#8243; _builder_version=&#8220;4.24.2&#8243; _module_preset=&#8220;default&#8220; background_enable_color=&#8220;off&#8220; custom_padding=&#8220;||120px||false|false&#8220; global_colors_info=&#8220;{%22gcid-76e3f074-fea1-4846-b451-b052fd0eb96d%22:%91%22background_color%22%93}&#8220;][et_pb_row column_structure=&#8220;2_3,1_3&#8243; make_equal=&#8220;on&#8220; module_class=&#8220;milly-centered-content milly-keep-tablet-col&#8220; _builder_version=&#8220;4.24.2&#8243; _module_preset=&#8220;default&#8220; locked=&#8220;off&#8220; global_colors_info=&#8220;{}&#8220;][et_pb_column type=&#8220;2_3&#8243; _builder_version=&#8220;4.24.2&#8243; _module_preset=&#8220;default&#8220; global_colors_info=&#8220;{}&#8220;][et_pb_text _builder_version=&#8220;4.24.2&#8243; _module_preset=&#8220;default&#8220; custom_margin=&#8220;||0px||false|false&#8220; custom_padding=&#8220;||0px||false|false&#8220; global_colors_info=&#8220;{}&#8220;]<\/p>\n<h2>Online spenden<\/h2>\n<p>[\/et_pb_text][et_pb_text _builder_version=&#8220;4.24.2&#8243; _module_preset=&#8220;default&#8220; max_width_tablet=&#8220;500px&#8220; text_orientation_tablet=&#8220;center&#8220; text_orientation_phone=&#8220;center&#8220; text_orientation_last_edited=&#8220;on|phone&#8220; module_alignment_tablet=&#8220;center&#8220; module_alignment_phone=&#8220;center&#8220; module_alignment_last_edited=&#8220;on|tablet&#8220; global_module=&#8220;101935&#8243; saved_tabs=&#8220;all&#8220;]<\/p>\n<p><img loading=\"lazy\" decoding=\"async\" src=\"https:\/\/founderspassion.ch\/wp-content\/uploads\/2024\/03\/card_twint.svg\" width=\"50\" height=\"33\" alt=\"\" class=\"wp-image-101816 alignnone size-full\" style=\"border-radius: 8px; border: 1px solid #000000;\" \/> <img loading=\"lazy\" decoding=\"async\" src=\"https:\/\/founderspassion.ch\/wp-content\/uploads\/2024\/03\/card_post-finance-e-finance.svg\" width=\"50\" height=\"33\" alt=\"\" class=\"wp-image-101815 alignnone size-full\" style=\"border-radius: 8px; border: 1px solid #000000;\" \/> <img loading=\"lazy\" decoding=\"async\" src=\"https:\/\/founderspassion.ch\/wp-content\/uploads\/2024\/03\/card_bank-transfer.svg\" width=\"50\" height=\"34\" alt=\"\" class=\"wp-image-101811 alignnone size-full\" \/> <img loading=\"lazy\" decoding=\"async\" src=\"https:\/\/founderspassion.ch\/wp-content\/uploads\/2024\/03\/card_visa.svg\" width=\"50\" height=\"33\" alt=\"\" class=\"wp-image-101817 alignnone size-full\" style=\"border-radius: 8px; border: 1px solid #000000;\" \/> <img loading=\"lazy\" decoding=\"async\" src=\"https:\/\/founderspassion.ch\/wp-content\/uploads\/2024\/03\/card_mastercard.svg\" width=\"50\" height=\"34\" alt=\"\" class=\"wp-image-101814 alignnone size-full\" style=\"border-radius: 8px; border: 1px solid #000000;\" \/> <img loading=\"lazy\" decoding=\"async\" src=\"https:\/\/founderspassion.ch\/wp-content\/uploads\/2024\/03\/card_apple-pay.svg\" width=\"50\" height=\"33\" alt=\"\" class=\"wp-image-101810 alignnone size-full\" style=\"border-radius: 8px; border: 1px solid #000000;\" \/> <img loading=\"lazy\" decoding=\"async\" src=\"https:\/\/founderspassion.ch\/wp-content\/uploads\/2024\/03\/card_google-pay.svg\" width=\"50\" height=\"33\" class=\"wp-image-101813 alignnone size-full\" style=\"border-radius: 8px; border: 1px solid #000000;\" \/> <img loading=\"lazy\" decoding=\"async\" src=\"https:\/\/founderspassion.ch\/wp-content\/uploads\/2024\/03\/card_paypal.svg\" width=\"50\" height=\"33\" class=\"wp-image-101813 alignnone size-full\" style=\"border-radius: 8px; border: 1px solid #000000;\" \/><\/p>\n<p>[\/et_pb_text][et_pb_code _builder_version=&#8220;4.24.2&#8243; _module_preset=&#8220;default&#8220; global_colors_info=&#8220;{}&#8220;]<iframe loading=\"lazy\" src=\"https:\/\/founderspassion.zahls.ch\/de\/pay?cid=c2471ce5&#038;hide_description=1&#038;appview=1\" allow=\"payment *\" width=\"100%\" height=\"800\" style=\"border:0;\" id=\"zahls-embed\"><\/iframe>[\/et_pb_code][\/et_pb_column][et_pb_column type=&#8220;1_3&#8243; _builder_version=&#8220;4.24.2&#8243; _module_preset=&#8220;default&#8220; global_colors_info=&#8220;{}&#8220;][et_pb_blurb title=&#8220;Kontodaten&#8220; use_icon=&#8220;on&#8220; font_icon=&#8220;&#xf09d;||fa||400&#8243; _builder_version=&#8220;4.24.2&#8243; _module_preset=&#8220;2fd536bf-a974-4040-853b-a700569e4e06&#8243; global_colors_info=&#8220;{%22gcid-8c4df213-420b-4fa0-a471-54276bb0f0b2%22:%91%22text_text_color%22,%22text_text_color%22,%22text_text_color%22,%22text_text_color%22,%22text_text_color%22,%22text_text_color%22,%22text_text_color%22,%22text_text_color%22,%22text_text_color%22,%22text_text_color%22,%22text_text_color%22,%22text_text_color%22,%22body_text_color%22,%22body_text_color%22%93}&#8220;]<\/p>\n<p><strong>Kontoinhaber:<\/strong> Founders Passion<br \/><strong>IBAN:<\/strong> CH02 8080 8003 1980 3691 2<br \/><strong>BC-Nummer:<\/strong> 80808<br \/><strong>SWIFT:<\/strong> RAIFCH22<\/p>\n<p><strong>Adresse:<\/strong><br \/>Founders Passion<br \/>Untere Breitestrassse 6<br \/>CH-8340 Hinwil<\/p>\n<p><strong>Bankadresse:<\/strong><br \/>Raiffeisenbank<br \/>Bahnhofstrasse 2<br \/>CH-8610 Uster<\/p>\n<p>[\/et_pb_blurb][et_pb_button button_url=&#8220;https:\/\/founderspassion.ch\/wp-content\/uploads\/2024\/02\/QR-EZ-Founders-Passion-neutral.pdf&#8220; url_new_window=&#8220;on&#8220; button_text=&#8220;QR Einzahlungsschein download&#8220; module_class=&#8220;milly-show-overlay-1 milly-button-link &#8220; _builder_version=&#8220;4.24.2&#8243; _module_preset=&#8220;feef0671-7e77-4f67-aa6d-5141e237fc12&#8243; global_colors_info=&#8220;{}&#8220;][\/et_pb_button][\/et_pb_column][\/et_pb_row][\/et_pb_section][et_pb_section fb_built=&#8220;1&#8243; _builder_version=&#8220;4.18.0&#8243; _module_preset=&#8220;default&#8220; global_colors_info=&#8220;{}&#8220; disabled_on=&#8220;on|on|on&#8220; disabled=&#8220;on&#8220;][et_pb_row _builder_version=&#8220;4.18.0&#8243; _module_preset=&#8220;default&#8220; locked=&#8220;off&#8220; global_colors_info=&#8220;{}&#8220;][et_pb_column type=&#8220;4_4&#8243; _builder_version=&#8220;4.18.0&#8243; _module_preset=&#8220;default&#8220; global_colors_info=&#8220;{}&#8220;][et_pb_text _builder_version=&#8220;4.18.0&#8243; _module_preset=&#8220;default&#8220; text_orientation=&#8220;center&#8220; locked=&#8220;off&#8220;]<\/p>\n<h5>Limited-time Bonuses<\/h5>\n<h2>You\u2019ll also get all these extras!<\/h2>\n<p>[\/et_pb_text][\/et_pb_column][\/et_pb_row][et_pb_row _builder_version=&#8220;4.18.0&#8243; _module_preset=&#8220;default&#8220; custom_margin=&#8220;40px||||false|false&#8220; custom_padding=&#8220;0px||0px||false|false&#8220; locked=&#8220;off&#8220; global_colors_info=&#8220;{}&#8220;][et_pb_column type=&#8220;4_4&#8243; _builder_version=&#8220;4.18.0&#8243; _module_preset=&#8220;default&#8220; global_colors_info=&#8220;{}&#8220;][et_pb_blurb title=&#8220;Hast du ein PayPal Account?&#8220; image=&#8220;https:\/\/founderspassion.ch\/wp-content\/uploads\/2024\/02\/paypal-qr-code.png&#8220; image_icon_width=&#8220;25%&#8220; image_icon_width_tablet=&#8220;25%&#8220; image_icon_width_phone=&#8220;25%&#8220; image_icon_width_last_edited=&#8220;on|tablet&#8220; _builder_version=&#8220;4.24.2&#8243; _module_preset=&#8220;6ec6821a-c406-4585-9074-9ab39f256e8f&#8220; max_width=&#8220;900px&#8220; module_alignment=&#8220;center&#8220; custom_margin=&#8220;60px||60px||false|false&#8220; custom_margin_tablet=&#8220;40px||40px||false|false&#8220; global_colors_info=&#8220;{}&#8220;]<\/p>\n<p><strong>Gut zu Wissen:<\/strong> Zwischen 1,2% und 1,7% des \u00fcberwiesenen Betrages m\u00fcssen wir an PayPal f\u00fcr die Dienstleistung bezahlen.<\/p>\n<p>F\u00fcr dich fallen keine zus\u00e4tzlichen Geb\u00fchren an.<\/p>\n<p>Einfach den QR-Code mit deinem Smartphone scannen.<\/p>\n<p>[\/et_pb_blurb][et_pb_blurb title=&#8220;Benutzt du gerne TWINT?&#8220; image=&#8220;https:\/\/divilover.eu\/milly\/wp-content\/uploads\/2022\/08\/sample-project-bg.webp&#8220; image_icon_width=&#8220;25%&#8220; image_icon_width_tablet=&#8220;25%&#8220; image_icon_width_phone=&#8220;25%&#8220; image_icon_width_last_edited=&#8220;on|tablet&#8220; _builder_version=&#8220;4.24.2&#8243; _module_preset=&#8220;6ec6821a-c406-4585-9074-9ab39f256e8f&#8220; max_width=&#8220;900px&#8220; module_alignment=&#8220;center&#8220; global_colors_info=&#8220;{}&#8220;]<\/p>\n<p><strong>Gut zu Wissen:<\/strong> Zwischen 1,2% und 1,7% des \u00fcberwiesenen Betrages m\u00fcssen wir an TWINT f\u00fcr die Dienstleistung bezahlen.<\/p>\n<p>F\u00fcr dich fallen keine zus\u00e4tzlichen Geb\u00fchren an.<\/p>\n<p>Einfach den QR-Code mit deinem Smartphone scannen.<\/p>\n<p>[\/et_pb_blurb][et_pb_divider show_divider=&#8220;off&#8220; _builder_version=&#8220;4.18.0&#8243; _module_preset=&#8220;8cb09d99-41e2-479b-8505-26639197cc90&#8243; positioning=&#8220;absolute&#8220; position_origin_a=&#8220;top_left&#8220; horizontal_offset=&#8220;0px&#8220; z_index=&#8220;-1&#8243; vertical_offset_tablet=&#8220;&#8220; vertical_offset_phone=&#8220;&#8220; vertical_offset_last_edited=&#8220;on|tablet&#8220; horizontal_offset_tablet=&#8220;-5vw&#8220; horizontal_offset_phone=&#8220;-5vw&#8220; horizontal_offset_last_edited=&#8220;on|phone&#8220; width=&#8220;25%&#8220; width_tablet=&#8220;25%&#8220; width_phone=&#8220;20%&#8220; height=&#8220;100%&#8220; height_tablet=&#8220;100%&#8220; height_phone=&#8220;100%&#8220; height_last_edited=&#8220;on|phone&#8220; global_colors_info=&#8220;{}&#8220;][\/et_pb_divider][\/et_pb_column][\/et_pb_row][\/et_pb_section]<\/p>\n","protected":false},"excerpt":{"rendered":"<p>Spenden Danke, dass du uns freisetzt! Als Founders Passion sind wir ein gemeinn\u00fctziger und rechtsg\u00fcltiger Verein in der Schweiz. Da wir uns jedoch prim\u00e4r im kirchlichen Umfeld bewegen, bekommen wir keine Steuerabzugsberechtigung. Wir danken dir herzlich, wenn du unsere Vision mittr\u00e4gst und uns finanziell freisetzt!Online spenden Kontoinhaber: Founders PassionIBAN: CH02 8080 8003 1980 3691 2BC-Nummer: 80808SWIFT: RAIFCH22 Adresse:Founders PassionUntere Breitestrassse 6CH-8340 Hinwil Bankadresse:RaiffeisenbankBahnhofstrasse 2CH-8610 UsterLimited-time Bonuses You\u2019ll also get all these extras!Gut zu Wissen: Zwischen 1,2% und 1,7% des \u00fcberwiesenen Betrages m\u00fcssen wir an PayPal f\u00fcr die Dienstleistung bezahlen. F\u00fcr dich fallen keine zus\u00e4tzlichen Geb\u00fchren an. Einfach den QR-Code mit deinem Smartphone scannen.Gut zu Wissen: Zwischen 1,2% und 1,7% des \u00fcberwiesenen Betrages m\u00fcssen wir an TWINT f\u00fcr die Dienstleistung bezahlen. F\u00fcr dich fallen keine zus\u00e4tzlichen Geb\u00fchren an. Einfach den QR-Code mit deinem Smartphone scannen.<\/p>\n","protected":false},"author":1,"featured_media":0,"parent":0,"menu_order":0,"comment_status":"closed","ping_status":"closed","template":"","meta":{"_et_pb_use_builder":"on","_et_pb_old_content":"","_et_gb_content_width":"","footnotes":""},"class_list":["post-101665","page","type-page","status-publish","hentry"],"_links":{"self":[{"href":"https:\/\/founderspassion.ch\/de\/wp-json\/wp\/v2\/pages\/101665","targetHints":{"allow":["GET"]}}],"collection":[{"href":"https:\/\/founderspassion.ch\/de\/wp-json\/wp\/v2\/pages"}],"about":[{"href":"https:\/\/founderspassion.ch\/de\/wp-json\/wp\/v2\/types\/page"}],"author":[{"embeddable":true,"href":"https:\/\/founderspassion.ch\/de\/wp-json\/wp\/v2\/users\/1"}],"replies":[{"embeddable":true,"href":"https:\/\/founderspassion.ch\/de\/wp-json\/wp\/v2\/comments?post=101665"}],"version-history":[{"count":30,"href":"https:\/\/founderspassion.ch\/de\/wp-json\/wp\/v2\/pages\/101665\/revisions"}],"predecessor-version":[{"id":102385,"href":"https:\/\/founderspassion.ch\/de\/wp-json\/wp\/v2\/pages\/101665\/revisions\/102385"}],"wp:attachment":[{"href":"https:\/\/founderspassion.ch\/de\/wp-json\/wp\/v2\/media?parent=101665"}],"curies":[{"name":"wp","href":"https:\/\/api.w.org\/{rel}","templated":true}]}}