{"id":1114,"date":"2022-07-25T15:30:52","date_gmt":"2022-07-25T13:30:52","guid":{"rendered":"https:\/\/divilover.eu\/milly\/?post_type=product&#038;p=1114"},"modified":"2026-01-13T21:00:17","modified_gmt":"2026-01-13T21:00:17","slug":"origin-story","status":"publish","type":"product","link":"https:\/\/founderspassion.ch\/de\/product\/origin-story\/","title":{"rendered":"Jesus &#8211; The Origin Story"},"content":{"rendered":"<p>In diesem Booklet befindet sich das Leben von Jesus in chronologischer Reihenfolge. <strong>Von seiner Ank\u00fcndigung bis zu seiner Taufe.<\/strong><br \/>\nEs ist so aufgebaut, dass es in 24 Tagen gelesen werden kann und eignet sich somit gut f\u00fcr die Adventszeit.<br \/>\nInteressierten, die noch nicht so vertraut sind mit den Ereignissen um die Geburt von Jesus, wird hier Jesus und seine Kultur n\u00e4her gebracht.<\/p>\n<p>Als Bibeltext dient die BasisBibel, welche eine sehr gut leserliche Version ist. Dieser wird erg\u00e4nzt mit kurzen Kommentaren. Sie sollen zum besseren Verst\u00e4ndnis der Ereignisse beitragen. Es gibt keine geistliche, seelsorgerliche oder anderweitige pers\u00f6nliche Anmerkungen zum Text.<\/p>\n","protected":false},"excerpt":{"rendered":"<p>Die ersten 30 Jahre von Jesus in chronologischer Reihenfolge als Booklet. Mit Bildern und Kommentaren.<br \/>\nWieder verf\u00fcgbar ab Mai 2025.<\/p>\n","protected":false},"featured_media":102185,"template":"","meta":{"_et_pb_use_builder":"","_et_pb_old_content":"","_et_gb_content_width":""},"product_brand":[],"product_cat":[49],"product_tag":[],"class_list":{"0":"post-1114","1":"product","2":"type-product","3":"status-publish","4":"has-post-thumbnail","6":"product_cat-alle","8":"first","9":"instock","10":"featured","11":"shipping-taxable","12":"purchasable","13":"product-type-simple"},"_links":{"self":[{"href":"https:\/\/founderspassion.ch\/de\/wp-json\/wp\/v2\/product\/1114","targetHints":{"allow":["GET"]}}],"collection":[{"href":"https:\/\/founderspassion.ch\/de\/wp-json\/wp\/v2\/product"}],"about":[{"href":"https:\/\/founderspassion.ch\/de\/wp-json\/wp\/v2\/types\/product"}],"wp:featuredmedia":[{"embeddable":true,"href":"https:\/\/founderspassion.ch\/de\/wp-json\/wp\/v2\/media\/102185"}],"wp:attachment":[{"href":"https:\/\/founderspassion.ch\/de\/wp-json\/wp\/v2\/media?parent=1114"}],"wp:term":[{"taxonomy":"product_brand","embeddable":true,"href":"https:\/\/founderspassion.ch\/de\/wp-json\/wp\/v2\/product_brand?post=1114"},{"taxonomy":"product_cat","embeddable":true,"href":"https:\/\/founderspassion.ch\/de\/wp-json\/wp\/v2\/product_cat?post=1114"},{"taxonomy":"product_tag","embeddable":true,"href":"https:\/\/founderspassion.ch\/de\/wp-json\/wp\/v2\/product_tag?post=1114"}],"curies":[{"name":"wp","href":"https:\/\/api.w.org\/{rel}","templated":true}]}}