{"id":1125,"date":"2022-07-25T15:31:49","date_gmt":"2022-07-25T13:31:49","guid":{"rendered":"https:\/\/divilover.eu\/milly\/?post_type=product&#038;p=1125"},"modified":"2025-11-03T20:35:16","modified_gmt":"2025-11-03T20:35:16","slug":"copy_paste","status":"publish","type":"product","link":"https:\/\/founderspassion.ch\/de\/product\/copy_paste\/","title":{"rendered":"Copy | Paste"},"content":{"rendered":"<p>Was hat Jesus mit Kindern und Erziehung zu tun?<br \/>\nIn acht Einheiten entdecken wir gemeinsam, wie Jesus in die Menschen investiert hat, die sein Vater ihm gegeben hat. Johannes Kapitel 17 gibt uns da einen guten \u00dcberblick. Jesus legt Rechenschaft dar\u00fcber ab, was er mit seinen J\u00fcngern gemacht hat.<br \/>\nGott hat uns auch unsere Kinder gegeben. Nicht nur damit wir sie auf ihr Leben als Erwachsene vorbereiten, sondern, dass wir in sie investieren und sie in eine lebendige Beziehung mit Jesus leiten.<br \/>\nBewusst und aktiv kopieren wir von Jesus und unsere Kinder kopieren von uns.<br \/>\nInklusive Videos in jeder Einheit.<\/p>\n","protected":false},"excerpt":{"rendered":"<p>Eltern kopieren 8 Kleinigkeiten von Jesus.<\/p>\n<p>Endeckt gemeinsam als Eltern acht Themen, die f\u00fcr Jesus wichtig waren.<\/p>\n","protected":false},"featured_media":102441,"template":"","meta":{"_et_pb_use_builder":"","_et_pb_old_content":"","_et_gb_content_width":""},"product_brand":[],"product_cat":[49],"product_tag":[],"class_list":{"0":"post-1125","1":"product","2":"type-product","3":"status-publish","4":"has-post-thumbnail","6":"product_cat-alle","8":"first","9":"instock","10":"featured","11":"shipping-taxable","12":"purchasable","13":"product-type-simple"},"_links":{"self":[{"href":"https:\/\/founderspassion.ch\/de\/wp-json\/wp\/v2\/product\/1125","targetHints":{"allow":["GET"]}}],"collection":[{"href":"https:\/\/founderspassion.ch\/de\/wp-json\/wp\/v2\/product"}],"about":[{"href":"https:\/\/founderspassion.ch\/de\/wp-json\/wp\/v2\/types\/product"}],"wp:featuredmedia":[{"embeddable":true,"href":"https:\/\/founderspassion.ch\/de\/wp-json\/wp\/v2\/media\/102441"}],"wp:attachment":[{"href":"https:\/\/founderspassion.ch\/de\/wp-json\/wp\/v2\/media?parent=1125"}],"wp:term":[{"taxonomy":"product_brand","embeddable":true,"href":"https:\/\/founderspassion.ch\/de\/wp-json\/wp\/v2\/product_brand?post=1125"},{"taxonomy":"product_cat","embeddable":true,"href":"https:\/\/founderspassion.ch\/de\/wp-json\/wp\/v2\/product_cat?post=1125"},{"taxonomy":"product_tag","embeddable":true,"href":"https:\/\/founderspassion.ch\/de\/wp-json\/wp\/v2\/product_tag?post=1125"}],"curies":[{"name":"wp","href":"https:\/\/api.w.org\/{rel}","templated":true}]}}